{"id":193,"date":"2026-03-16T13:05:54","date_gmt":"2026-03-16T12:05:54","guid":{"rendered":"https:\/\/dobrzemowisz.pl\/?page_id=193"},"modified":"2026-03-16T13:06:33","modified_gmt":"2026-03-16T12:06:33","slug":"regulamin","status":"publish","type":"page","link":"https:\/\/dobrzemowisz.pl\/index.php\/regulamin\/","title":{"rendered":"Regulamin"},"content":{"rendered":"\n<p><strong>REGULAMIN DOBRZE M\u00d3WISZ<\/strong><\/p>\n\n\n\n<p><strong>\u00a7 1. Postanowienia og\u00f3lne<\/strong><\/p>\n\n\n\n<p><strong>1.<\/strong><strong> <\/strong><strong>Niniejszy regulamin okre\u015bla zasady korzystania z us\u0142ug Gabinetu DOBRZE M\u00d3WISZ Anna Bieniak.<\/strong><\/p>\n\n\n\n<p>2. Dobrze m\u00f3wisz Anna Bieniak z siedzib\u0105 w Warszawie, przy ul. Kwiatkowskiego 1\/152, kod pocztowy O3-984, woj. mazowieckie, NIP 6581844813, REGON 389896383 \u015bwiadczy kompleksowe us\u0142ugi z zakresu logopedii, pedagogiki specjalnej, terapii miofunkcjonalnej.<\/p>\n\n\n\n<p>3.\u00a0Regulamin okre\u015bla zasady funkcjonowania gabinetu, informacje dotycz\u0105ce zaj\u0119\u0107, p\u0142atno\u015bci, odwo\u0142ywania zaj\u0119\u0107, zako\u0144czenia terapii oraz zasady bezpiecze\u0144stwa.<\/p>\n\n\n\n<p>4. Korzystanie z us\u0142ug gabinetu jest dobrowolne i oznacza akceptacj\u0119 niniejszego regulaminu.<\/p>\n\n\n\n<p><strong>\u00a7 2. Prawa i obowi\u0105zki pacjenta<\/strong><\/p>\n\n\n\n<ol class=\"wp-block-list\">\n<li>Pacjent ma prawo do:<\/li>\n<\/ol>\n\n\n\n<ol class=\"wp-block-list\">\n<li>Otrzymania profesjonalnej pomocy logopedycznej.<\/li>\n\n\n\n<li>Poszanowania jego godno\u015bci i prywatno\u015bci.<\/li>\n\n\n\n<li>Otrzymania informacji o przebiegu i post\u0119pach terapii (zazwyczaj ustnie, po ka\u017cdych zaj\u0119ciach, razem z zaleceniami do domu).<\/li>\n<\/ol>\n\n\n\n<ol start=\"2\" class=\"wp-block-list\">\n<li>Pacjent jest zobowi\u0105zany do:<\/li>\n<\/ol>\n\n\n\n<ol class=\"wp-block-list\">\n<li>Punktualnego stawiania si\u0119 na um\u00f3wione wizyty- 5 min przed zaj\u0119ciami.<\/li>\n\n\n\n<li>Informowania terapeuty o wszelkich istotnych zmianach maj\u0105cych wp\u0142yw na prowadzenie terapii logopedycznej (np.wizyta u fizjoterapeuty, ortodonty, laryngologa, otolaryngologa, alergologa, gastroenterologa czy wykonaniu zabieg\u00f3w maj\u0105cych wp\u0142yw na aparat artykulacyjny, oddechowy, pokarmowy, s\u0142uch, itp.)<\/li>\n\n\n\n<li>Dokonywania terminowych op\u0142at za realizowane us\u0142ugi.<\/li>\n\n\n\n<li>Przestrzegania zasad regulaminu terapeutycznego.<\/li>\n\n\n\n<li>Odwo\u0142ywania zaj\u0119\u0107 do godziny 9:00 dnia poprzedzaj\u0105cego wizyt\u0119. Mo\u017cliwo\u015b\u0107 jednorazowego przeniesienia zaj\u0119\u0107, w ramach aktualnego pakietu.<\/li>\n<\/ol>\n\n\n\n<p><strong>\u00a7 3. Kwestie organizacyjne<\/strong><\/p>\n\n\n\n<p><strong>1. Pierwsza wizyta jest diagnostyczna, nawet gdy pacjent ma ju\u017c diagnoz\u0119 logopedyczn\u0105 od innego logopedy, lub ucz\u0119szcza\u0142 do gabinetu Dobrze M\u00f3wisz na zaj\u0119cia, ale mia\u0142 przerw\u0119 w terapii 3 miesi\u0119czn\u0105 lub d\u0142u\u017csz\u0105.<\/strong><\/p>\n\n\n\n<p>2. Wizyty umawiane s\u0105 telefonicznie, mailowo lub osobi\u015bcie.<\/p>\n\n\n\n<p>3. Terapia ma form\u0119 zaj\u0119\u0107 indywidualnych.<\/p>\n\n\n\n<p>4. Czas trwania pojedynczych zaj\u0119\u0107 w terapii uzale\u017cniony jest od specyfiki wdra\u017canych dzia\u0142a\u0144 i ustalany jest po pierwszych zaj\u0119ciach diagnostycznych. Najcz\u0119\u015bciej jest to 45 min.<\/p>\n\n\n\n<p>5. Zaj\u0119cia odbywaj\u0105 si\u0119 raz w tygodniu zgodnie z ustalonym wcze\u015bniej harmonogramem.<\/p>\n\n\n\n<p>6. Osoby niepe\u0142noletnie mog\u0105 korzysta\u0107 z us\u0142ug gabinetu za zgod\u0105 Rodzica\/Opiekuna prawnego.<\/p>\n\n\n\n<p>7. Zaj\u0119cia nie b\u0119d\u0105 przed\u0142u\u017cane, gdy op\u00f3\u017anienie wynika z winy Pacjenta.<\/p>\n\n\n\n<p>Sp\u00f3\u017anienie Pacjenta skutkuje skr\u00f3ceniem czasu, bez zmiany op\u0142aty.<\/p>\n\n\n\n<p>8. W przypadku sp\u00f3\u017anienia Pacjenta, terapeuta oczekuje na Pacjenta 15 minut licz\u0105c od czasu rozpocz\u0119cia um\u00f3wionej wizyty.<\/p>\n\n\n\n<p>9. Rodzic\/Opiekun prawny Pacjenta, doros\u0142y Pacjent zobowi\u0105zany jest do wdra\u017cania wskaz\u00f3wek udzielanych przez terapeut\u0119, w toku prowadzonej terapii oraz regularne \u0107wiczenia w domu.<\/p>\n\n\n\n<p>10. Terapeuta mo\u017ce odst\u0105pi\u0107 od prowadzenia terapii w trybie natychmiastowym, je\u017celi Opiekun Pacjenta\/Pacjent nie zaanga\u017cuje si\u0119 w proces terapeutyczny i nie b\u0119dzie realizowa\u0142 zalece\u0144 terapeuty, oraz z&nbsp;innych wa\u017cnych przyczyn uniemo\u017cliwiaj\u0105cych prowadzenie efektywnych oddzia\u0142ywa\u0144 terapeutycznych.<\/p>\n\n\n\n<p><strong>\u00a7 4. P\u0142atno\u015b\u0107<\/strong><\/p>\n\n\n\n<p>1. P\u0142atno\u015bci nale\u017cy dokona\u0107 z g\u00f3ry na pierwszych zaj\u0119ciach.<\/p>\n\n\n\n<p>2. Obowi\u0105zuj\u0105 pakiety 4 zaj\u0119\u0107, wa\u017cne przez 5 tygodni.<\/p>\n\n\n\n<p>Oznacza to p\u0142atno\u015b\u0107 za 4 zaj\u0119cia z g\u00f3ry do wykorzystania przez 5 tygodni, liczone od dnia pierwszych zaj\u0119\u0107. W razie choroby lub innych przyczyn, Pacjent mo\u017ce odwo\u0142a\u0107 jedne zaj\u0119cia z\u00a0pakietu do godziny 9:00 dnia poprzedzaj\u0105cego wizyt\u0119 i zrealizowa\u0107 je w innym terminie w trakcie trwania pakietu. <strong>W przypadku odwo\u0142ania zaj\u0119\u0107 po godzinie 9:00 dnia poprzedzaj\u0105cego terapi\u0119 Pacjent ponosi 100% koszt za nieodbyte zaj\u0119cia. Co oznacza, \u017ce Dobrze M\u00f3wisz Anna Bieniak nie przenosi zaj\u0119\u0107 oraz nie umo\u017cliwia wykorzystania nowego terminu w danym pakiecie.<\/strong><\/p>\n\n\n\n<p>3. W razie nieobecno\u015bci terapeuty czas wykorzystania pakietu zostanie odpowiednio wyd\u0142u\u017cony.<\/p>\n\n\n\n<p>4. Mo\u017cliwe formy p\u0142atno\u015bci: got\u00f3wka, karta p\u0142atnicza, przelew, BLIK.<\/p>\n\n\n\n<p><strong>\u00a7 5. Zasady bezpiecze\u0144stwa<\/strong><\/p>\n\n\n\n<ol class=\"wp-block-list\">\n<li>Gabinet zapewnia poufno\u015b\u0107 i dyskrecj\u0119 w zakresie informacji przekazywanych przez Pacjent\u00f3w.<\/li>\n\n\n\n<li>Za bezpiecze\u0144stwo dziecka oczekuj\u0105cego na zaj\u0119cia odpowiadaj\u0105 Rodzice\/opiekunowie.<\/li>\n\n\n\n<li>Rodzice\/opiekunowie s\u0105 zobowi\u0105zani do odbioru dziecka w ustalonym czasie po zako\u0144czeniu zaj\u0119\u0107.<\/li>\n\n\n\n<li>Terapeuta nie ponosi odpowiedzialno\u015bci za dzieci nieodebrane przez Rodzic\u00f3w\/opiekun\u00f3w po zako\u0144czeniu zaj\u0119\u0107.<\/li>\n\n\n\n<li>Na terenie gabinetu obowi\u0105zuje zakaz palenia tytoniu i spo\u017cywania alkoholu i innych \u015brodk\u00f3w odurzaj\u0105cych.<\/li>\n<\/ol>\n\n\n\n<p><strong>\u00a7 6. Postanowienia ko\u0144cowe<\/strong><\/p>\n\n\n\n<ol class=\"wp-block-list\">\n<li>Gabinet zastrzega sobie prawo do zmiany regulaminu.<\/li>\n\n\n\n<li>Zmiany w regulaminie b\u0119d\u0105 podawane do wiadomo\u015bci Pacjent\u00f3w na stronie internetowej gabinetu lub\/i w widocznym miejscu w gabinecie.<\/li>\n\n\n\n<li>Korzystanie z us\u0142ug gabinetu jest r\u00f3wnoznaczne z akceptacj\u0105 niniejszego regulaminu.\u00a0<\/li>\n<\/ol>\n","protected":false},"excerpt":{"rendered":"<p>REGULAMIN DOBRZE M\u00d3WISZ \u00a7 1. Postanowienia og\u00f3lne 1. Niniejszy regulamin okre\u015bla zasady korzystania z us\u0142ug Gabinetu DOBRZE M\u00d3WISZ Anna Bieniak. 2. Dobrze m\u00f3wisz Anna Bieniak z siedzib\u0105 w Warszawie, przy ul. Kwiatkowskiego 1\/152, kod pocztowy O3-984, woj. mazowieckie, NIP 6581844813, &hellip; <a href=\"https:\/\/dobrzemowisz.pl\/index.php\/regulamin\/\">Czytaj dalej <span class=\"meta-nav\">&rarr;<\/span><\/a><\/p>\n","protected":false},"author":2,"featured_media":0,"parent":0,"menu_order":0,"comment_status":"closed","ping_status":"closed","template":"","meta":{"footnotes":""},"class_list":["post-193","page","type-page","status-publish","hentry"],"yoast_head":"<!-- This site is optimized with the Yoast SEO plugin v27.1.1 - https:\/\/yoast.com\/product\/yoast-seo-wordpress\/ -->\n<title>Regulamin - Dobrze M\u00f3wisz<\/title>\n<meta name=\"robots\" content=\"index, follow, max-snippet:-1, max-image-preview:large, max-video-preview:-1\" \/>\n<link rel=\"canonical\" href=\"https:\/\/dobrzemowisz.pl\/index.php\/regulamin\/\" \/>\n<meta property=\"og:locale\" content=\"pl_PL\" \/>\n<meta property=\"og:type\" content=\"article\" \/>\n<meta property=\"og:title\" content=\"Regulamin - Dobrze M\u00f3wisz\" \/>\n<meta property=\"og:description\" content=\"REGULAMIN DOBRZE M\u00d3WISZ \u00a7 1. Postanowienia og\u00f3lne 1. Niniejszy regulamin okre\u015bla zasady korzystania z us\u0142ug Gabinetu DOBRZE M\u00d3WISZ Anna Bieniak. 2. Dobrze m\u00f3wisz Anna Bieniak z siedzib\u0105 w Warszawie, przy ul. Kwiatkowskiego 1\/152, kod pocztowy O3-984, woj. mazowieckie, NIP 6581844813, &hellip; Czytaj dalej &rarr;\" \/>\n<meta property=\"og:url\" content=\"https:\/\/dobrzemowisz.pl\/index.php\/regulamin\/\" \/>\n<meta property=\"og:site_name\" content=\"Dobrze M\u00f3wisz\" \/>\n<meta property=\"article:modified_time\" content=\"2026-03-16T12:06:33+00:00\" \/>\n<meta name=\"twitter:card\" content=\"summary_large_image\" \/>\n<meta name=\"twitter:label1\" content=\"Szacowany czas czytania\" \/>\n\t<meta name=\"twitter:data1\" content=\"4 minuty\" \/>\n<script type=\"application\/ld+json\" class=\"yoast-schema-graph\">{\"@context\":\"https:\/\/schema.org\",\"@graph\":[{\"@type\":\"WebPage\",\"@id\":\"https:\/\/dobrzemowisz.pl\/index.php\/regulamin\/\",\"url\":\"https:\/\/dobrzemowisz.pl\/index.php\/regulamin\/\",\"name\":\"Regulamin - Dobrze M\u00f3wisz\",\"isPartOf\":{\"@id\":\"https:\/\/dobrzemowisz.pl\/#website\"},\"datePublished\":\"2026-03-16T12:05:54+00:00\",\"dateModified\":\"2026-03-16T12:06:33+00:00\",\"breadcrumb\":{\"@id\":\"https:\/\/dobrzemowisz.pl\/index.php\/regulamin\/#breadcrumb\"},\"inLanguage\":\"pl-PL\",\"potentialAction\":[{\"@type\":\"ReadAction\",\"target\":[\"https:\/\/dobrzemowisz.pl\/index.php\/regulamin\/\"]}]},{\"@type\":\"BreadcrumbList\",\"@id\":\"https:\/\/dobrzemowisz.pl\/index.php\/regulamin\/#breadcrumb\",\"itemListElement\":[{\"@type\":\"ListItem\",\"position\":1,\"name\":\"Strona g\u0142\u00f3wna\",\"item\":\"https:\/\/dobrzemowisz.pl\/\"},{\"@type\":\"ListItem\",\"position\":2,\"name\":\"Regulamin\"}]},{\"@type\":\"WebSite\",\"@id\":\"https:\/\/dobrzemowisz.pl\/#website\",\"url\":\"https:\/\/dobrzemowisz.pl\/\",\"name\":\"Dobrze M\u00f3wisz\",\"description\":\"S\u0142uch i Mowa Logopeda\",\"publisher\":{\"@id\":\"https:\/\/dobrzemowisz.pl\/#organization\"},\"potentialAction\":[{\"@type\":\"SearchAction\",\"target\":{\"@type\":\"EntryPoint\",\"urlTemplate\":\"https:\/\/dobrzemowisz.pl\/?s={search_term_string}\"},\"query-input\":{\"@type\":\"PropertyValueSpecification\",\"valueRequired\":true,\"valueName\":\"search_term_string\"}}],\"inLanguage\":\"pl-PL\"},{\"@type\":\"Organization\",\"@id\":\"https:\/\/dobrzemowisz.pl\/#organization\",\"name\":\"Dobrze M\u00f3wisz Anna Bieniak, Logopeda S\u0142uch i Mowa.\",\"url\":\"https:\/\/dobrzemowisz.pl\/\",\"logo\":{\"@type\":\"ImageObject\",\"inLanguage\":\"pl-PL\",\"@id\":\"https:\/\/dobrzemowisz.pl\/#\/schema\/logo\/image\/\",\"url\":\"https:\/\/dobrzemowisz.pl\/wp-content\/uploads\/2021\/09\/Logo_gotowe-2.jpg\",\"contentUrl\":\"https:\/\/dobrzemowisz.pl\/wp-content\/uploads\/2021\/09\/Logo_gotowe-2.jpg\",\"width\":497,\"height\":488,\"caption\":\"Dobrze M\u00f3wisz Anna Bieniak, Logopeda S\u0142uch i Mowa.\"},\"image\":{\"@id\":\"https:\/\/dobrzemowisz.pl\/#\/schema\/logo\/image\/\"}}]}<\/script>\n<!-- \/ Yoast SEO plugin. -->","yoast_head_json":{"title":"Regulamin - Dobrze M\u00f3wisz","robots":{"index":"index","follow":"follow","max-snippet":"max-snippet:-1","max-image-preview":"max-image-preview:large","max-video-preview":"max-video-preview:-1"},"canonical":"https:\/\/dobrzemowisz.pl\/index.php\/regulamin\/","og_locale":"pl_PL","og_type":"article","og_title":"Regulamin - Dobrze M\u00f3wisz","og_description":"REGULAMIN DOBRZE M\u00d3WISZ \u00a7 1. Postanowienia og\u00f3lne 1. Niniejszy regulamin okre\u015bla zasady korzystania z us\u0142ug Gabinetu DOBRZE M\u00d3WISZ Anna Bieniak. 2. Dobrze m\u00f3wisz Anna Bieniak z siedzib\u0105 w Warszawie, przy ul. Kwiatkowskiego 1\/152, kod pocztowy O3-984, woj. mazowieckie, NIP 6581844813, &hellip; Czytaj dalej &rarr;","og_url":"https:\/\/dobrzemowisz.pl\/index.php\/regulamin\/","og_site_name":"Dobrze M\u00f3wisz","article_modified_time":"2026-03-16T12:06:33+00:00","twitter_card":"summary_large_image","twitter_misc":{"Szacowany czas czytania":"4 minuty"},"schema":{"@context":"https:\/\/schema.org","@graph":[{"@type":"WebPage","@id":"https:\/\/dobrzemowisz.pl\/index.php\/regulamin\/","url":"https:\/\/dobrzemowisz.pl\/index.php\/regulamin\/","name":"Regulamin - Dobrze M\u00f3wisz","isPartOf":{"@id":"https:\/\/dobrzemowisz.pl\/#website"},"datePublished":"2026-03-16T12:05:54+00:00","dateModified":"2026-03-16T12:06:33+00:00","breadcrumb":{"@id":"https:\/\/dobrzemowisz.pl\/index.php\/regulamin\/#breadcrumb"},"inLanguage":"pl-PL","potentialAction":[{"@type":"ReadAction","target":["https:\/\/dobrzemowisz.pl\/index.php\/regulamin\/"]}]},{"@type":"BreadcrumbList","@id":"https:\/\/dobrzemowisz.pl\/index.php\/regulamin\/#breadcrumb","itemListElement":[{"@type":"ListItem","position":1,"name":"Strona g\u0142\u00f3wna","item":"https:\/\/dobrzemowisz.pl\/"},{"@type":"ListItem","position":2,"name":"Regulamin"}]},{"@type":"WebSite","@id":"https:\/\/dobrzemowisz.pl\/#website","url":"https:\/\/dobrzemowisz.pl\/","name":"Dobrze M\u00f3wisz","description":"S\u0142uch i Mowa Logopeda","publisher":{"@id":"https:\/\/dobrzemowisz.pl\/#organization"},"potentialAction":[{"@type":"SearchAction","target":{"@type":"EntryPoint","urlTemplate":"https:\/\/dobrzemowisz.pl\/?s={search_term_string}"},"query-input":{"@type":"PropertyValueSpecification","valueRequired":true,"valueName":"search_term_string"}}],"inLanguage":"pl-PL"},{"@type":"Organization","@id":"https:\/\/dobrzemowisz.pl\/#organization","name":"Dobrze M\u00f3wisz Anna Bieniak, Logopeda S\u0142uch i Mowa.","url":"https:\/\/dobrzemowisz.pl\/","logo":{"@type":"ImageObject","inLanguage":"pl-PL","@id":"https:\/\/dobrzemowisz.pl\/#\/schema\/logo\/image\/","url":"https:\/\/dobrzemowisz.pl\/wp-content\/uploads\/2021\/09\/Logo_gotowe-2.jpg","contentUrl":"https:\/\/dobrzemowisz.pl\/wp-content\/uploads\/2021\/09\/Logo_gotowe-2.jpg","width":497,"height":488,"caption":"Dobrze M\u00f3wisz Anna Bieniak, Logopeda S\u0142uch i Mowa."},"image":{"@id":"https:\/\/dobrzemowisz.pl\/#\/schema\/logo\/image\/"}}]}},"_links":{"self":[{"href":"https:\/\/dobrzemowisz.pl\/index.php\/wp-json\/wp\/v2\/pages\/193","targetHints":{"allow":["GET"]}}],"collection":[{"href":"https:\/\/dobrzemowisz.pl\/index.php\/wp-json\/wp\/v2\/pages"}],"about":[{"href":"https:\/\/dobrzemowisz.pl\/index.php\/wp-json\/wp\/v2\/types\/page"}],"author":[{"embeddable":true,"href":"https:\/\/dobrzemowisz.pl\/index.php\/wp-json\/wp\/v2\/users\/2"}],"replies":[{"embeddable":true,"href":"https:\/\/dobrzemowisz.pl\/index.php\/wp-json\/wp\/v2\/comments?post=193"}],"version-history":[{"count":1,"href":"https:\/\/dobrzemowisz.pl\/index.php\/wp-json\/wp\/v2\/pages\/193\/revisions"}],"predecessor-version":[{"id":194,"href":"https:\/\/dobrzemowisz.pl\/index.php\/wp-json\/wp\/v2\/pages\/193\/revisions\/194"}],"wp:attachment":[{"href":"https:\/\/dobrzemowisz.pl\/index.php\/wp-json\/wp\/v2\/media?parent=193"}],"curies":[{"name":"wp","href":"https:\/\/api.w.org\/{rel}","templated":true}]}}