{"id":119,"date":"2021-09-28T14:26:47","date_gmt":"2021-09-28T12:26:47","guid":{"rendered":"https:\/\/u314b.dobrzemowisz.pl\/?page_id=119"},"modified":"2024-07-24T12:40:48","modified_gmt":"2024-07-24T10:40:48","slug":"oferta","status":"publish","type":"page","link":"https:\/\/dobrzemowisz.pl\/index.php\/oferta\/","title":{"rendered":"Oferta"},"content":{"rendered":"\n<p><strong>DIAGNOZA I TERAPIA LOGOPEDYCZNA DZIECI I DOROS\u0141YCH<\/strong><\/p>\n\n\n\n<p class=\"has-blue-background-color has-background\">Ceny aktualne od 1 wrze\u015bnia 2024<\/p>\n\n\n\n<p class=\"has-text-align-left has-light-gray-background-color has-background\">                                 <em><strong>DZIECI &#8211; OD 36 MIESI\u0104CA \u017bYCIA<\/strong><\/em>  do 18 roku \u017cycia<\/p>\n\n\n\n<p><strong>Konsultacja\/ Diagnoza logopedyczna:<\/strong><\/p>\n\n\n\n<p>&#8211; 1,5- 2h &#8211; 350 z\u0142<\/p>\n\n\n\n<div class=\"wp-block-columns is-layout-flex wp-container-core-columns-is-layout-9d6595d7 wp-block-columns-is-layout-flex\">\n<div class=\"wp-block-column is-layout-flow wp-block-column-is-layout-flow\" style=\"flex-basis:100%\">\n<blockquote class=\"wp-block-quote is-layout-flow wp-block-quote-is-layout-flow\">\n<p>Konsultacja\/Diagnoza logopedyczna, gdy pacjent pierwszy raz pojawia si\u0119 u&nbsp;mnie na wizycie. Podczas spotkania przeprowadzam wywiad z&nbsp;rodzicem, badam dziecko, na koniec podaj\u0119 wst\u0119pne informacje o tym co si\u0119 dzieje i jak b\u0119dziemy pracowa\u0107.<\/p>\n<\/blockquote>\n<\/div>\n<\/div>\n\n\n\n<p><strong>Terapia logopedyczna<\/strong>:<\/p>\n\n\n\n<p>&#8211; 30 min- 160 z\u0142<\/p>\n\n\n\n<p>&#8211; 45 min- 180 z\u0142<\/p>\n\n\n\n<p>&#8211; 60 min- 200 z\u0142 <\/p>\n\n\n\n<p><strong>Zaj\u0119cia logorytmiczne indywidualne:<\/strong><\/p>\n\n\n\n<p>&#8211; 30 min- 150 z\u0142<\/p>\n\n\n\n<p><strong>Zaj\u0119cia dla rodzic\u00f3w, kt\u00f3rzy nie wiedz\u0105 jak, ale chc\u0105, bawi\u0105c si\u0119, rozwija\u0107 mow\u0119 swoich malutkich pociech &#8211; gar\u015b\u0107 pomys\u0142\u00f3w dla mamy i taty:<\/strong><\/p>\n\n\n\n<p>&#8211; 45min &#8211; 150 z\u0142<\/p>\n\n\n\n<p><strong>Konsultacja logopedyczna dla dzieci z implantem \u015blimakowym:<\/strong><\/p>\n\n\n\n<p>&#8211; 60 min- 200 z\u0142<\/p>\n\n\n\n<p><strong>Pisemna opinia z konsultacji:<\/strong><\/p>\n\n\n\n<p>&#8211; 200 z\u0142<\/p>\n\n\n\n<p class=\"has-text-align-left has-light-gray-background-color has-background\"><strong><em>DORO\u015aLI<\/em><\/strong> <\/p>\n\n\n\n<p class=\"has-text-align-left has-light-gray-background-color has-background\">Wady wymowy<\/p>\n\n\n\n<p class=\"has-text-align-left has-light-gray-background-color has-background\">Nieprawid\u0142owa pozycja spoczynkowa j\u0119zyka <\/p>\n\n\n\n<p class=\"has-text-align-left has-light-gray-background-color has-background\">Przygotowanie logopedyczne przed leczeniem ortodontycznym <\/p>\n\n\n\n<p class=\"has-text-align-left has-light-gray-background-color has-background\">Wada s\u0142uchu- pacjenci z aparatem\/ aparatami s\u0142uchowymi i implantem\/ implantami \u015blimakowymi<\/p>\n\n\n\n<p><\/p>\n\n\n\n<p><strong>Konsultacja\/ Diagnoza logopedyczna:<\/strong><\/p>\n\n\n\n<p>&#8211; 1- 1,5h &#8211; 350 z\u0142<\/p>\n\n\n\n<p>Konsultacja\/Diagnoza logopedyczna, gdy pacjent pierwszy raz pojawia si\u0119 u&nbsp;mnie na wizycie. Podczas spotkania przeprowadzam wywiad, wykonuje badanie logopedyczne, odpowiadam na pytania i podaj\u0119 wst\u0119pne informacje o tym co si\u0119 dzieje i jak b\u0119dziemy pracowa\u0107.<\/p>\n\n\n\n<p><strong>Terapia logopedyczna<\/strong>:<\/p>\n\n\n\n<p>&#8211; 30 min- 160 z\u0142<\/p>\n\n\n\n<p>&#8211; 45 min- 180 z\u0142<\/p>\n\n\n\n<p>&#8211; 60 min- 200 z\u0142 <\/p>\n\n\n\n<p><strong>Pisemna opinia z konsultacji:<\/strong><\/p>\n\n\n\n<p>&#8211; 200 z\u0142<\/p>\n","protected":false},"excerpt":{"rendered":"<p>DIAGNOZA I TERAPIA LOGOPEDYCZNA DZIECI I DOROS\u0141YCH Ceny aktualne od 1 wrze\u015bnia 2024 DZIECI &#8211; OD 36 MIESI\u0104CA \u017bYCIA do 18 roku \u017cycia Konsultacja\/ Diagnoza logopedyczna: &#8211; 1,5- 2h &#8211; 350 z\u0142 Konsultacja\/Diagnoza logopedyczna, gdy pacjent pierwszy raz pojawia si\u0119 &hellip; <a href=\"https:\/\/dobrzemowisz.pl\/index.php\/oferta\/\">Czytaj dalej <span class=\"meta-nav\">&rarr;<\/span><\/a><\/p>\n","protected":false},"author":1,"featured_media":0,"parent":0,"menu_order":0,"comment_status":"closed","ping_status":"closed","template":"","meta":{"footnotes":""},"class_list":["post-119","page","type-page","status-publish","hentry"],"yoast_head":"<!-- This site is optimized with the Yoast SEO plugin v27.1.1 - https:\/\/yoast.com\/product\/yoast-seo-wordpress\/ -->\n<title>Oferta - Dobrze M\u00f3wisz<\/title>\n<meta name=\"robots\" content=\"index, follow, max-snippet:-1, max-image-preview:large, max-video-preview:-1\" \/>\n<link rel=\"canonical\" href=\"https:\/\/dobrzemowisz.pl\/index.php\/oferta\/\" \/>\n<meta property=\"og:locale\" content=\"pl_PL\" \/>\n<meta property=\"og:type\" content=\"article\" \/>\n<meta property=\"og:title\" content=\"Oferta - Dobrze M\u00f3wisz\" \/>\n<meta property=\"og:description\" content=\"DIAGNOZA I TERAPIA LOGOPEDYCZNA DZIECI I DOROS\u0141YCH Ceny aktualne od 1 wrze\u015bnia 2024 DZIECI &#8211; OD 36 MIESI\u0104CA \u017bYCIA do 18 roku \u017cycia Konsultacja\/ Diagnoza logopedyczna: &#8211; 1,5- 2h &#8211; 350 z\u0142 Konsultacja\/Diagnoza logopedyczna, gdy pacjent pierwszy raz pojawia si\u0119 &hellip; Czytaj dalej &rarr;\" \/>\n<meta property=\"og:url\" content=\"https:\/\/dobrzemowisz.pl\/index.php\/oferta\/\" \/>\n<meta property=\"og:site_name\" content=\"Dobrze M\u00f3wisz\" \/>\n<meta property=\"article:modified_time\" content=\"2024-07-24T10:40:48+00:00\" \/>\n<meta name=\"twitter:card\" content=\"summary_large_image\" \/>\n<meta name=\"twitter:label1\" content=\"Szacowany czas czytania\" \/>\n\t<meta name=\"twitter:data1\" content=\"2 minuty\" \/>\n<script type=\"application\/ld+json\" class=\"yoast-schema-graph\">{\"@context\":\"https:\/\/schema.org\",\"@graph\":[{\"@type\":\"WebPage\",\"@id\":\"https:\/\/dobrzemowisz.pl\/index.php\/oferta\/\",\"url\":\"https:\/\/dobrzemowisz.pl\/index.php\/oferta\/\",\"name\":\"Oferta - Dobrze M\u00f3wisz\",\"isPartOf\":{\"@id\":\"https:\/\/dobrzemowisz.pl\/#website\"},\"datePublished\":\"2021-09-28T12:26:47+00:00\",\"dateModified\":\"2024-07-24T10:40:48+00:00\",\"breadcrumb\":{\"@id\":\"https:\/\/dobrzemowisz.pl\/index.php\/oferta\/#breadcrumb\"},\"inLanguage\":\"pl-PL\",\"potentialAction\":[{\"@type\":\"ReadAction\",\"target\":[\"https:\/\/dobrzemowisz.pl\/index.php\/oferta\/\"]}]},{\"@type\":\"BreadcrumbList\",\"@id\":\"https:\/\/dobrzemowisz.pl\/index.php\/oferta\/#breadcrumb\",\"itemListElement\":[{\"@type\":\"ListItem\",\"position\":1,\"name\":\"Strona g\u0142\u00f3wna\",\"item\":\"https:\/\/dobrzemowisz.pl\/\"},{\"@type\":\"ListItem\",\"position\":2,\"name\":\"Oferta\"}]},{\"@type\":\"WebSite\",\"@id\":\"https:\/\/dobrzemowisz.pl\/#website\",\"url\":\"https:\/\/dobrzemowisz.pl\/\",\"name\":\"Dobrze M\u00f3wisz\",\"description\":\"S\u0142uch i Mowa Logopeda\",\"publisher\":{\"@id\":\"https:\/\/dobrzemowisz.pl\/#organization\"},\"potentialAction\":[{\"@type\":\"SearchAction\",\"target\":{\"@type\":\"EntryPoint\",\"urlTemplate\":\"https:\/\/dobrzemowisz.pl\/?s={search_term_string}\"},\"query-input\":{\"@type\":\"PropertyValueSpecification\",\"valueRequired\":true,\"valueName\":\"search_term_string\"}}],\"inLanguage\":\"pl-PL\"},{\"@type\":\"Organization\",\"@id\":\"https:\/\/dobrzemowisz.pl\/#organization\",\"name\":\"Dobrze M\u00f3wisz Anna Bieniak, Logopeda S\u0142uch i Mowa.\",\"url\":\"https:\/\/dobrzemowisz.pl\/\",\"logo\":{\"@type\":\"ImageObject\",\"inLanguage\":\"pl-PL\",\"@id\":\"https:\/\/dobrzemowisz.pl\/#\/schema\/logo\/image\/\",\"url\":\"https:\/\/dobrzemowisz.pl\/wp-content\/uploads\/2021\/09\/Logo_gotowe-2.jpg\",\"contentUrl\":\"https:\/\/dobrzemowisz.pl\/wp-content\/uploads\/2021\/09\/Logo_gotowe-2.jpg\",\"width\":497,\"height\":488,\"caption\":\"Dobrze M\u00f3wisz Anna Bieniak, Logopeda S\u0142uch i Mowa.\"},\"image\":{\"@id\":\"https:\/\/dobrzemowisz.pl\/#\/schema\/logo\/image\/\"}}]}<\/script>\n<!-- \/ Yoast SEO plugin. -->","yoast_head_json":{"title":"Oferta - Dobrze M\u00f3wisz","robots":{"index":"index","follow":"follow","max-snippet":"max-snippet:-1","max-image-preview":"max-image-preview:large","max-video-preview":"max-video-preview:-1"},"canonical":"https:\/\/dobrzemowisz.pl\/index.php\/oferta\/","og_locale":"pl_PL","og_type":"article","og_title":"Oferta - Dobrze M\u00f3wisz","og_description":"DIAGNOZA I TERAPIA LOGOPEDYCZNA DZIECI I DOROS\u0141YCH Ceny aktualne od 1 wrze\u015bnia 2024 DZIECI &#8211; OD 36 MIESI\u0104CA \u017bYCIA do 18 roku \u017cycia Konsultacja\/ Diagnoza logopedyczna: &#8211; 1,5- 2h &#8211; 350 z\u0142 Konsultacja\/Diagnoza logopedyczna, gdy pacjent pierwszy raz pojawia si\u0119 &hellip; Czytaj dalej &rarr;","og_url":"https:\/\/dobrzemowisz.pl\/index.php\/oferta\/","og_site_name":"Dobrze M\u00f3wisz","article_modified_time":"2024-07-24T10:40:48+00:00","twitter_card":"summary_large_image","twitter_misc":{"Szacowany czas czytania":"2 minuty"},"schema":{"@context":"https:\/\/schema.org","@graph":[{"@type":"WebPage","@id":"https:\/\/dobrzemowisz.pl\/index.php\/oferta\/","url":"https:\/\/dobrzemowisz.pl\/index.php\/oferta\/","name":"Oferta - Dobrze M\u00f3wisz","isPartOf":{"@id":"https:\/\/dobrzemowisz.pl\/#website"},"datePublished":"2021-09-28T12:26:47+00:00","dateModified":"2024-07-24T10:40:48+00:00","breadcrumb":{"@id":"https:\/\/dobrzemowisz.pl\/index.php\/oferta\/#breadcrumb"},"inLanguage":"pl-PL","potentialAction":[{"@type":"ReadAction","target":["https:\/\/dobrzemowisz.pl\/index.php\/oferta\/"]}]},{"@type":"BreadcrumbList","@id":"https:\/\/dobrzemowisz.pl\/index.php\/oferta\/#breadcrumb","itemListElement":[{"@type":"ListItem","position":1,"name":"Strona g\u0142\u00f3wna","item":"https:\/\/dobrzemowisz.pl\/"},{"@type":"ListItem","position":2,"name":"Oferta"}]},{"@type":"WebSite","@id":"https:\/\/dobrzemowisz.pl\/#website","url":"https:\/\/dobrzemowisz.pl\/","name":"Dobrze M\u00f3wisz","description":"S\u0142uch i Mowa Logopeda","publisher":{"@id":"https:\/\/dobrzemowisz.pl\/#organization"},"potentialAction":[{"@type":"SearchAction","target":{"@type":"EntryPoint","urlTemplate":"https:\/\/dobrzemowisz.pl\/?s={search_term_string}"},"query-input":{"@type":"PropertyValueSpecification","valueRequired":true,"valueName":"search_term_string"}}],"inLanguage":"pl-PL"},{"@type":"Organization","@id":"https:\/\/dobrzemowisz.pl\/#organization","name":"Dobrze M\u00f3wisz Anna Bieniak, Logopeda S\u0142uch i Mowa.","url":"https:\/\/dobrzemowisz.pl\/","logo":{"@type":"ImageObject","inLanguage":"pl-PL","@id":"https:\/\/dobrzemowisz.pl\/#\/schema\/logo\/image\/","url":"https:\/\/dobrzemowisz.pl\/wp-content\/uploads\/2021\/09\/Logo_gotowe-2.jpg","contentUrl":"https:\/\/dobrzemowisz.pl\/wp-content\/uploads\/2021\/09\/Logo_gotowe-2.jpg","width":497,"height":488,"caption":"Dobrze M\u00f3wisz Anna Bieniak, Logopeda S\u0142uch i Mowa."},"image":{"@id":"https:\/\/dobrzemowisz.pl\/#\/schema\/logo\/image\/"}}]}},"_links":{"self":[{"href":"https:\/\/dobrzemowisz.pl\/index.php\/wp-json\/wp\/v2\/pages\/119","targetHints":{"allow":["GET"]}}],"collection":[{"href":"https:\/\/dobrzemowisz.pl\/index.php\/wp-json\/wp\/v2\/pages"}],"about":[{"href":"https:\/\/dobrzemowisz.pl\/index.php\/wp-json\/wp\/v2\/types\/page"}],"author":[{"embeddable":true,"href":"https:\/\/dobrzemowisz.pl\/index.php\/wp-json\/wp\/v2\/users\/1"}],"replies":[{"embeddable":true,"href":"https:\/\/dobrzemowisz.pl\/index.php\/wp-json\/wp\/v2\/comments?post=119"}],"version-history":[{"count":9,"href":"https:\/\/dobrzemowisz.pl\/index.php\/wp-json\/wp\/v2\/pages\/119\/revisions"}],"predecessor-version":[{"id":183,"href":"https:\/\/dobrzemowisz.pl\/index.php\/wp-json\/wp\/v2\/pages\/119\/revisions\/183"}],"wp:attachment":[{"href":"https:\/\/dobrzemowisz.pl\/index.php\/wp-json\/wp\/v2\/media?parent=119"}],"curies":[{"name":"wp","href":"https:\/\/api.w.org\/{rel}","templated":true}]}}